{"id":177,"date":"2025-09-16T22:20:26","date_gmt":"2025-09-16T20:20:26","guid":{"rendered":"https:\/\/aisnepcassistance.fr\/?page_id=177"},"modified":"2025-09-16T22:20:26","modified_gmt":"2025-09-16T20:20:26","slug":"mentions-legales","status":"publish","type":"page","link":"https:\/\/aisnepcassistance.fr\/?page_id=177","title":{"rendered":"Mentions l\u00e9gales"},"content":{"rendered":"<p>[et_pb_section fb_built=\u00a0\u00bb1&Prime; theme_builder_area=\u00a0\u00bbpost_content\u00a0\u00bb _builder_version=\u00a0\u00bb4.27.4&Prime; _module_preset=\u00a0\u00bbdefault\u00a0\u00bb background_color=\u00a0\u00bb#f9f9f9&Prime; hover_enabled=\u00a0\u00bb0&Prime; sticky_enabled=\u00a0\u00bb0&Prime;][et_pb_row _builder_version=\u00a0\u00bb4.27.4&Prime; _module_preset=\u00a0\u00bbdefault\u00a0\u00bb theme_builder_area=\u00a0\u00bbpost_content\u00a0\u00bb][et_pb_column _builder_version=\u00a0\u00bb4.27.4&Prime; _module_preset=\u00a0\u00bbdefault\u00a0\u00bb type=\u00a0\u00bb4_4&Prime; theme_builder_area=\u00a0\u00bbpost_content\u00a0\u00bb][et_pb_text _builder_version=\u00a0\u00bb4.27.4&Prime; _module_preset=\u00a0\u00bbdefault\u00a0\u00bb theme_builder_area=\u00a0\u00bbpost_content\u00a0\u00bb hover_enabled=\u00a0\u00bb0&Prime; sticky_enabled=\u00a0\u00bb0&Prime;]<\/p>\n<h2>Mentions l\u00e9gales<\/h2>\n<h3>\u00c9diteur du site<\/h3>\n<p><strong>Nom de l\u2019entreprise :<\/strong> Aisne PC Assistance<\/p>\n<p><strong>Statut :<\/strong> Micro-entreprise<\/p>\n<p><strong>SIRET :<\/strong> 809 280 878 00012<\/p>\n<p><strong>Responsable de publication :<\/strong> Carole Foiret<\/p>\n<p><strong>Adresse :<\/strong> \u00e0 Pasly<\/p>\n<p><strong>Email :<\/strong> contact@aisnepcassistance.fr<\/p>\n<p><strong>T\u00e9l\u00e9phone :<\/strong> 06 63 49 86 69<\/p>\n<h3>H\u00e9bergement du site<\/h3>\n<p><strong>H\u00e9bergeur :<\/strong> OVH SAS<\/p>\n<p>2 rue Kellermann \u2013 59100 Roubaix \u2013 France<\/p>\n<p>www.ovh.com<\/p>\n<h3>Propri\u00e9t\u00e9 intellectuelle<\/h3>\n<p>Le contenu du site (textes, images, logos, etc.) est prot\u00e9g\u00e9 par le droit d\u2019auteur.<br \/>Toute reproduction ou utilisation sans autorisation est interdite.<\/p>\n<h3>Donn\u00e9es personnelles<\/h3>\n<p>Ce site ne collecte des donn\u00e9es personnelles que dans le cadre du formulaire de contact,<br \/>et uniquement pour permettre le traitement des demandes.<br \/>Conform\u00e9ment \u00e0 la loi \u201cInformatique et Libert\u00e9s\u201d et au RGPD,<br \/>vous pouvez demander la modification ou la suppression de vos donn\u00e9es<br \/>en \u00e9crivant \u00e0 l\u2019adresse suivante : contact@aisnepcassistance.fr<\/p>\n<h3>D\u00e9claration SAP<\/h3>\n<p>Aisne PC Assistance est une entreprise d\u00e9clar\u00e9e en tant que <strong>Service \u00e0 la Personne<\/strong>,<br \/>et peut vous fournir une attestation annuelle vous permettant de b\u00e9n\u00e9ficier d\u2019un cr\u00e9dit d\u2019imp\u00f4t de 50\u202f%.<\/p>\n<p>[\/et_pb_text][\/et_pb_column][\/et_pb_row][\/et_pb_section]<\/p>\n","protected":false},"excerpt":{"rendered":"<p>Mentions l\u00e9gales \u00c9diteur du site Nom de l\u2019entreprise : Aisne PC Assistance Statut : Micro-entreprise SIRET : 809 280 878 00012 Responsable de publication : Carole Foiret Adresse : \u00e0 Pasly Email : contact@aisnepcassistance.fr T\u00e9l\u00e9phone : 06 63 49 86 69 H\u00e9bergement du site H\u00e9bergeur : OVH SAS 2 rue Kellermann \u2013 59100 Roubaix \u2013 [&hellip;]<\/p>\n","protected":false},"author":1,"featured_media":0,"parent":0,"menu_order":0,"comment_status":"closed","ping_status":"closed","template":"","meta":{"_et_pb_use_builder":"on","_et_pb_old_content":"","_et_gb_content_width":"","footnotes":""},"class_list":["post-177","page","type-page","status-publish","hentry"],"_links":{"self":[{"href":"https:\/\/aisnepcassistance.fr\/index.php?rest_route=\/wp\/v2\/pages\/177","targetHints":{"allow":["GET"]}}],"collection":[{"href":"https:\/\/aisnepcassistance.fr\/index.php?rest_route=\/wp\/v2\/pages"}],"about":[{"href":"https:\/\/aisnepcassistance.fr\/index.php?rest_route=\/wp\/v2\/types\/page"}],"author":[{"embeddable":true,"href":"https:\/\/aisnepcassistance.fr\/index.php?rest_route=\/wp\/v2\/users\/1"}],"replies":[{"embeddable":true,"href":"https:\/\/aisnepcassistance.fr\/index.php?rest_route=%2Fwp%2Fv2%2Fcomments&post=177"}],"version-history":[{"count":2,"href":"https:\/\/aisnepcassistance.fr\/index.php?rest_route=\/wp\/v2\/pages\/177\/revisions"}],"predecessor-version":[{"id":180,"href":"https:\/\/aisnepcassistance.fr\/index.php?rest_route=\/wp\/v2\/pages\/177\/revisions\/180"}],"wp:attachment":[{"href":"https:\/\/aisnepcassistance.fr\/index.php?rest_route=%2Fwp%2Fv2%2Fmedia&parent=177"}],"curies":[{"name":"wp","href":"https:\/\/api.w.org\/{rel}","templated":true}]}}